{"id":46,"date":"2017-09-14T12:49:23","date_gmt":"2017-09-14T12:49:23","guid":{"rendered":"http:\/\/schranner-art.ch\/?page_id=46"},"modified":"2019-06-05T21:11:25","modified_gmt":"2019-06-05T21:11:25","slug":"biographie","status":"publish","type":"page","link":"https:\/\/schranner-art.ch\/?page_id=46","title":{"rendered":"Biographie"},"content":{"rendered":"<p style=\"text-align: center;\"><strong>Klaus Schranner<\/strong><\/p>\n<p>1943 als Deutscher Staatsangeh\u00f6riger in Radom (Polen) geboren. Aufgewachsen in Gr\u00e4felfing bei M\u00fcnchen. Seit 1965 in Bern, Schweizer B\u00fcrger seit 1979.<\/p>\n<p>Nach den Berufsjahren in der Druckvorstufe widme ich mich ab 2009 ganz der Aquarellmalerei, die ich seit 1975 intensiv betreibe. Rege Ausstellungst\u00e4tigkeit seit 1980.<\/p>\n<p>Mich fasziniert die Vielfalt und Sch\u00f6nheit von Landschaft und Architektur. Das Aquarell ist f\u00fcr mich die ideale Form, meine emotionalen Eindr\u00fccke sichtbar zu machen. Wer sich auf diese Maltechnik einl\u00e4sst, wird immer wieder mit neuen Erfahrungen und Erlebnissen \u00fcberrascht. Jedes Bild ist eine neue Herausforderung, ein Wagnis mit offenem Ausgang.<\/p>\n","protected":false},"excerpt":{"rendered":"<p>Klaus Schranner 1943 als Deutscher Staatsangeh\u00f6riger in Radom (Polen) geboren. Aufgewachsen in Gr\u00e4felfing bei M\u00fcnchen. Seit 1965 in Bern, Schweizer B\u00fcrger seit 1979. Nach den Berufsjahren in der Druckvorstufe widme ich mich ab 2009 ganz der Aquarellmalerei, die ich seit 1975 intensiv betreibe. Rege Ausstellungst\u00e4tigkeit seit 1980. Mich fasziniert die Vielfalt und Sch\u00f6nheit von Landschaft &hellip; <\/p>\n<p class=\"read-more\"><a class=\"btn btn-default\" href=\"https:\/\/schranner-art.ch\/?page_id=46\"> Read More<span class=\"screen-reader-text\">  Read More<\/span><\/a><\/p>\n","protected":false},"author":1,"featured_media":0,"parent":0,"menu_order":0,"comment_status":"closed","ping_status":"closed","template":"templates\/template-fullwidth.php","meta":{"jetpack_post_was_ever_published":false,"footnotes":""},"jetpack_sharing_enabled":true,"jetpack_shortlink":"https:\/\/wp.me\/P9b4Ol-K","jetpack_likes_enabled":true,"jetpack-related-posts":[],"_links":{"self":[{"href":"https:\/\/schranner-art.ch\/index.php?rest_route=\/wp\/v2\/pages\/46"}],"collection":[{"href":"https:\/\/schranner-art.ch\/index.php?rest_route=\/wp\/v2\/pages"}],"about":[{"href":"https:\/\/schranner-art.ch\/index.php?rest_route=\/wp\/v2\/types\/page"}],"author":[{"embeddable":true,"href":"https:\/\/schranner-art.ch\/index.php?rest_route=\/wp\/v2\/users\/1"}],"replies":[{"embeddable":true,"href":"https:\/\/schranner-art.ch\/index.php?rest_route=%2Fwp%2Fv2%2Fcomments&post=46"}],"version-history":[{"count":10,"href":"https:\/\/schranner-art.ch\/index.php?rest_route=\/wp\/v2\/pages\/46\/revisions"}],"predecessor-version":[{"id":242,"href":"https:\/\/schranner-art.ch\/index.php?rest_route=\/wp\/v2\/pages\/46\/revisions\/242"}],"wp:attachment":[{"href":"https:\/\/schranner-art.ch\/index.php?rest_route=%2Fwp%2Fv2%2Fmedia&parent=46"}],"curies":[{"name":"wp","href":"https:\/\/api.w.org\/{rel}","templated":true}]}}